{"id":511,"date":"2022-06-03T17:12:28","date_gmt":"2022-06-03T15:12:28","guid":{"rendered":"https:\/\/somosachega.com\/?page_id=511"},"modified":"2022-11-24T11:18:26","modified_gmt":"2022-11-24T10:18:26","slug":"contacto","status":"publish","type":"page","link":"https:\/\/somosachega.com\/gl\/contacto\/","title":{"rendered":"Contacto"},"content":{"rendered":"\t\t<div data-elementor-type=\"wp-page\" data-elementor-id=\"511\" class=\"elementor elementor-511 elementor-301\">\n\t\t\t\t\t\t\t\t\t<section class=\"elementor-section elementor-top-section elementor-element elementor-element-7e8c02e elementor-section-boxed elementor-section-height-default elementor-section-height-default\" data-id=\"7e8c02e\" data-element_type=\"section\" data-settings=\"{&quot;background_background&quot;:&quot;classic&quot;}\">\n\t\t\t\t\t\t<div class=\"elementor-container elementor-column-gap-default\">\n\t\t\t\t\t<div class=\"elementor-column elementor-col-100 elementor-top-column elementor-element elementor-element-8659661\" data-id=\"8659661\" data-element_type=\"column\">\n\t\t\t<div class=\"elementor-widget-wrap elementor-element-populated\">\n\t\t\t\t\t\t\t\t<div class=\"elementor-element elementor-element-9780ded elementor-widget__width-auto elementor-invisible elementor-widget elementor-widget-heading\" data-id=\"9780ded\" data-element_type=\"widget\" data-settings=\"{&quot;_animation&quot;:&quot;fadeInUp&quot;}\" data-widget_type=\"heading.default\">\n\t\t\t\t<div class=\"elementor-widget-container\">\n\t\t\t<style>\/*! elementor - v3.12.0 - 29-03-2023 *\/\n.elementor-heading-title{padding:0;margin:0;line-height:1}.elementor-widget-heading .elementor-heading-title[class*=elementor-size-]>a{color:inherit;font-size:inherit;line-height:inherit}.elementor-widget-heading .elementor-heading-title.elementor-size-small{font-size:15px}.elementor-widget-heading .elementor-heading-title.elementor-size-medium{font-size:19px}.elementor-widget-heading .elementor-heading-title.elementor-size-large{font-size:29px}.elementor-widget-heading .elementor-heading-title.elementor-size-xl{font-size:39px}.elementor-widget-heading .elementor-heading-title.elementor-size-xxl{font-size:59px}<\/style><h1 class=\"elementor-heading-title elementor-size-default\">O PRIMEIRO \u00c9 <br>\nCONECTAR CONTIGO.<\/h1>\t\t<\/div>\n\t\t\t\t<\/div>\n\t\t\t\t\t<\/div>\n\t\t<\/div>\n\t\t\t\t\t\t\t<\/div>\n\t\t<\/section>\n\t\t\t\t<section class=\"elementor-section elementor-top-section elementor-element elementor-element-b2172bf elementor-section-boxed elementor-section-height-default elementor-section-height-default\" data-id=\"b2172bf\" data-element_type=\"section\" data-settings=\"{&quot;background_background&quot;:&quot;classic&quot;}\">\n\t\t\t\t\t\t<div class=\"elementor-container elementor-column-gap-default\">\n\t\t\t\t\t<div class=\"elementor-column elementor-col-100 elementor-top-column elementor-element elementor-element-5e22a06\" data-id=\"5e22a06\" data-element_type=\"column\">\n\t\t\t<div class=\"elementor-widget-wrap elementor-element-populated\">\n\t\t\t\t\t\t\t\t<div class=\"elementor-element elementor-element-fe2a42a elementor-invisible elementor-widget elementor-widget-heading\" data-id=\"fe2a42a\" data-element_type=\"widget\" data-settings=\"{&quot;_animation&quot;:&quot;fadeInUp&quot;}\" data-widget_type=\"heading.default\">\n\t\t\t\t<div class=\"elementor-widget-container\">\n\t\t\t<h1 class=\"elementor-heading-title elementor-size-default\">Escr\u00edbenos:<\/h1>\t\t<\/div>\n\t\t\t\t<\/div>\n\t\t\t\t<div class=\"elementor-element elementor-element-d33de27 elementor-widget__width-auto elementor-invisible elementor-widget elementor-widget-heading\" data-id=\"d33de27\" data-element_type=\"widget\" data-settings=\"{&quot;_animation&quot;:&quot;fadeInUp&quot;}\" data-widget_type=\"heading.default\">\n\t\t\t\t<div class=\"elementor-widget-container\">\n\t\t\t<h1 class=\"elementor-heading-title elementor-size-default\">hola@somosachega.com <img decoding=\"async\" src=\"https:\/\/somosachega.com\/wp-content\/uploads\/arrow.png\" width=\"80\"><\/h1>\t\t<\/div>\n\t\t\t\t<\/div>\n\t\t\t\t\t<\/div>\n\t\t<\/div>\n\t\t\t\t\t\t\t<\/div>\n\t\t<\/section>\n\t\t\t\t<section class=\"elementor-section elementor-top-section elementor-element elementor-element-a04a848 elementor-section-boxed elementor-section-height-default elementor-section-height-default\" data-id=\"a04a848\" data-element_type=\"section\" data-settings=\"{&quot;background_background&quot;:&quot;classic&quot;}\">\n\t\t\t\t\t\t<div class=\"elementor-container elementor-column-gap-default\">\n\t\t\t\t\t<div class=\"elementor-column elementor-col-100 elementor-top-column elementor-element elementor-element-8f485c6\" data-id=\"8f485c6\" data-element_type=\"column\">\n\t\t\t<div class=\"elementor-widget-wrap elementor-element-populated\">\n\t\t\t\t\t\t\t\t<div class=\"elementor-element elementor-element-ad9ee50 elementor-invisible elementor-widget elementor-widget-heading\" data-id=\"ad9ee50\" data-element_type=\"widget\" data-settings=\"{&quot;_animation&quot;:&quot;fadeInUp&quot;}\" data-widget_type=\"heading.default\">\n\t\t\t\t<div class=\"elementor-widget-container\">\n\t\t\t<h1 class=\"elementor-heading-title elementor-size-default\">Ou ch\u00e1manos:<\/h1>\t\t<\/div>\n\t\t\t\t<\/div>\n\t\t\t\t<div class=\"elementor-element elementor-element-86a6af4 elementor-widget__width-auto elementor-invisible elementor-widget elementor-widget-heading\" data-id=\"86a6af4\" data-element_type=\"widget\" data-settings=\"{&quot;_animation&quot;:&quot;fadeInUp&quot;}\" data-widget_type=\"heading.default\">\n\t\t\t\t<div class=\"elementor-widget-container\">\n\t\t\t<h1 class=\"elementor-heading-title elementor-size-default\">633 798 241  <img decoding=\"async\" src=\"https:\/\/somosachega.com\/wp-content\/uploads\/arrow.png\" width=\"80\"><\/h1>\t\t<\/div>\n\t\t\t\t<\/div>\n\t\t\t\t\t<\/div>\n\t\t<\/div>\n\t\t\t\t\t\t\t<\/div>\n\t\t<\/section>\n\t\t\t\t\t\t\t<\/div>\n\t\t","protected":false},"excerpt":{"rendered":"<p>O PRIMEIRO \u00c9 CONECTAR CONTIGO. Escr\u00edbenos: hola@somosachega.com Ou ch\u00e1manos: 633 798 241<\/p>\n","protected":false},"author":1,"featured_media":0,"parent":0,"menu_order":0,"comment_status":"closed","ping_status":"closed","template":"","meta":{"site-sidebar-layout":"no-sidebar","site-content-layout":"page-builder","ast-global-header-display":"","ast-main-header-display":"","ast-hfb-above-header-display":"","ast-hfb-below-header-display":"","ast-hfb-mobile-header-display":"","site-post-title":"disabled","ast-breadcrumbs-content":"","ast-featured-img":"disabled","footer-sml-layout":"","theme-transparent-header-meta":"","adv-header-id-meta":"","stick-header-meta":"","header-above-stick-meta":"","header-main-stick-meta":"","header-below-stick-meta":"","footnotes":""},"class_list":["post-511","page","type-page","status-publish","hentry"],"yoast_head":"<!-- This site is optimized with the Yoast SEO plugin v20.4 - https:\/\/yoast.com\/wordpress\/plugins\/seo\/ -->\n<title>Contacto - Somos Achega<\/title>\n<meta name=\"robots\" content=\"index, follow, max-snippet:-1, max-image-preview:large, max-video-preview:-1\" \/>\n<link rel=\"canonical\" href=\"https:\/\/somosachega.com\/contacto\/\" \/>\n<meta property=\"og:locale\" content=\"gl_ES\" \/>\n<meta property=\"og:type\" content=\"article\" \/>\n<meta property=\"og:title\" content=\"Contacto - Somos Achega\" \/>\n<meta property=\"og:description\" content=\"O PRIMEIRO \u00c9 CONECTAR CONTIGO. Escr\u00edbenos: hola@somosachega.com Ou ch\u00e1manos: 633 798 241\" \/>\n<meta property=\"og:url\" content=\"https:\/\/somosachega.com\/contacto\/\" \/>\n<meta property=\"og:site_name\" content=\"Somos Achega\" \/>\n<meta property=\"article:modified_time\" content=\"2022-11-24T10:18:26+00:00\" \/>\n<meta property=\"og:image\" content=\"https:\/\/somosachega.com\/wp-content\/uploads\/arrow.png\" \/>\n<meta name=\"twitter:card\" content=\"summary_large_image\" \/>\n<script type=\"application\/ld+json\" class=\"yoast-schema-graph\">{\"@context\":\"https:\/\/schema.org\",\"@graph\":[{\"@type\":\"WebPage\",\"@id\":\"https:\/\/somosachega.com\/contacto\/\",\"url\":\"https:\/\/somosachega.com\/contacto\/\",\"name\":\"Contacto - Somos Achega\",\"isPartOf\":{\"@id\":\"https:\/\/somosachega.com\/#website\"},\"datePublished\":\"2022-06-03T15:12:28+00:00\",\"dateModified\":\"2022-11-24T10:18:26+00:00\",\"breadcrumb\":{\"@id\":\"https:\/\/somosachega.com\/contacto\/#breadcrumb\"},\"inLanguage\":\"gl-ES\",\"potentialAction\":[{\"@type\":\"ReadAction\",\"target\":[\"https:\/\/somosachega.com\/contacto\/\"]}]},{\"@type\":\"BreadcrumbList\",\"@id\":\"https:\/\/somosachega.com\/contacto\/#breadcrumb\",\"itemListElement\":[{\"@type\":\"ListItem\",\"position\":1,\"name\":\"Portada\",\"item\":\"https:\/\/somosachega.com\/\"},{\"@type\":\"ListItem\",\"position\":2,\"name\":\"Contacto\"}]},{\"@type\":\"WebSite\",\"@id\":\"https:\/\/somosachega.com\/#website\",\"url\":\"https:\/\/somosachega.com\/\",\"name\":\"Somos Achega\",\"description\":\"\",\"publisher\":{\"@id\":\"https:\/\/somosachega.com\/#organization\"},\"potentialAction\":[{\"@type\":\"SearchAction\",\"target\":{\"@type\":\"EntryPoint\",\"urlTemplate\":\"https:\/\/somosachega.com\/?s={search_term_string}\"},\"query-input\":\"required name=search_term_string\"}],\"inLanguage\":\"gl-ES\"},{\"@type\":\"Organization\",\"@id\":\"https:\/\/somosachega.com\/#organization\",\"name\":\"Somos Achega\",\"url\":\"https:\/\/somosachega.com\/\",\"logo\":{\"@type\":\"ImageObject\",\"inLanguage\":\"gl-ES\",\"@id\":\"https:\/\/somosachega.com\/#\/schema\/logo\/image\/\",\"url\":\"https:\/\/somosachega.com\/wp-content\/uploads\/logo.png\",\"contentUrl\":\"https:\/\/somosachega.com\/wp-content\/uploads\/logo.png\",\"width\":805,\"height\":310,\"caption\":\"Somos Achega\"},\"image\":{\"@id\":\"https:\/\/somosachega.com\/#\/schema\/logo\/image\/\"}}]}<\/script>\n<!-- \/ Yoast SEO plugin. -->","yoast_head_json":{"title":"Contacto - Somos Achega","robots":{"index":"index","follow":"follow","max-snippet":"max-snippet:-1","max-image-preview":"max-image-preview:large","max-video-preview":"max-video-preview:-1"},"canonical":"https:\/\/somosachega.com\/contacto\/","og_locale":"gl_ES","og_type":"article","og_title":"Contacto - Somos Achega","og_description":"O PRIMEIRO \u00c9 CONECTAR CONTIGO. Escr\u00edbenos: hola@somosachega.com Ou ch\u00e1manos: 633 798 241","og_url":"https:\/\/somosachega.com\/contacto\/","og_site_name":"Somos Achega","article_modified_time":"2022-11-24T10:18:26+00:00","og_image":[{"url":"https:\/\/somosachega.com\/wp-content\/uploads\/arrow.png"}],"twitter_card":"summary_large_image","schema":{"@context":"https:\/\/schema.org","@graph":[{"@type":"WebPage","@id":"https:\/\/somosachega.com\/contacto\/","url":"https:\/\/somosachega.com\/contacto\/","name":"Contacto - Somos Achega","isPartOf":{"@id":"https:\/\/somosachega.com\/#website"},"datePublished":"2022-06-03T15:12:28+00:00","dateModified":"2022-11-24T10:18:26+00:00","breadcrumb":{"@id":"https:\/\/somosachega.com\/contacto\/#breadcrumb"},"inLanguage":"gl-ES","potentialAction":[{"@type":"ReadAction","target":["https:\/\/somosachega.com\/contacto\/"]}]},{"@type":"BreadcrumbList","@id":"https:\/\/somosachega.com\/contacto\/#breadcrumb","itemListElement":[{"@type":"ListItem","position":1,"name":"Portada","item":"https:\/\/somosachega.com\/"},{"@type":"ListItem","position":2,"name":"Contacto"}]},{"@type":"WebSite","@id":"https:\/\/somosachega.com\/#website","url":"https:\/\/somosachega.com\/","name":"Somos Achega","description":"","publisher":{"@id":"https:\/\/somosachega.com\/#organization"},"potentialAction":[{"@type":"SearchAction","target":{"@type":"EntryPoint","urlTemplate":"https:\/\/somosachega.com\/?s={search_term_string}"},"query-input":"required name=search_term_string"}],"inLanguage":"gl-ES"},{"@type":"Organization","@id":"https:\/\/somosachega.com\/#organization","name":"Somos Achega","url":"https:\/\/somosachega.com\/","logo":{"@type":"ImageObject","inLanguage":"gl-ES","@id":"https:\/\/somosachega.com\/#\/schema\/logo\/image\/","url":"https:\/\/somosachega.com\/wp-content\/uploads\/logo.png","contentUrl":"https:\/\/somosachega.com\/wp-content\/uploads\/logo.png","width":805,"height":310,"caption":"Somos Achega"},"image":{"@id":"https:\/\/somosachega.com\/#\/schema\/logo\/image\/"}}]}},"_links":{"self":[{"href":"https:\/\/somosachega.com\/gl\/wp-json\/wp\/v2\/pages\/511","targetHints":{"allow":["GET"]}}],"collection":[{"href":"https:\/\/somosachega.com\/gl\/wp-json\/wp\/v2\/pages"}],"about":[{"href":"https:\/\/somosachega.com\/gl\/wp-json\/wp\/v2\/types\/page"}],"author":[{"embeddable":true,"href":"https:\/\/somosachega.com\/gl\/wp-json\/wp\/v2\/users\/1"}],"replies":[{"embeddable":true,"href":"https:\/\/somosachega.com\/gl\/wp-json\/wp\/v2\/comments?post=511"}],"version-history":[{"count":6,"href":"https:\/\/somosachega.com\/gl\/wp-json\/wp\/v2\/pages\/511\/revisions"}],"predecessor-version":[{"id":1079,"href":"https:\/\/somosachega.com\/gl\/wp-json\/wp\/v2\/pages\/511\/revisions\/1079"}],"wp:attachment":[{"href":"https:\/\/somosachega.com\/gl\/wp-json\/wp\/v2\/media?parent=511"}],"curies":[{"name":"wp","href":"https:\/\/api.w.org\/{rel}","templated":true}]}}