{"id":507,"date":"2022-06-03T16:10:30","date_gmt":"2022-06-03T14:10:30","guid":{"rendered":"https:\/\/somosachega.com\/?page_id=507"},"modified":"2023-12-03T13:20:26","modified_gmt":"2023-12-03T12:20:26","slug":"somos","status":"publish","type":"page","link":"https:\/\/somosachega.com\/gl\/somos\/","title":{"rendered":"Somos"},"content":{"rendered":"\t\t<div data-elementor-type=\"wp-page\" data-elementor-id=\"507\" class=\"elementor elementor-507 elementor-191\">\n\t\t\t\t\t\t\t\t\t<section class=\"elementor-section elementor-top-section elementor-element elementor-element-0b52c2b elementor-section-boxed elementor-section-height-default elementor-section-height-default\" data-id=\"0b52c2b\" data-element_type=\"section\" data-settings=\"{&quot;background_background&quot;:&quot;classic&quot;}\">\n\t\t\t\t\t\t<div class=\"elementor-container elementor-column-gap-default\">\n\t\t\t\t\t<div class=\"elementor-column elementor-col-100 elementor-top-column elementor-element elementor-element-153ec94\" data-id=\"153ec94\" data-element_type=\"column\">\n\t\t\t<div class=\"elementor-widget-wrap elementor-element-populated\">\n\t\t\t\t\t\t\t\t<div class=\"elementor-element elementor-element-27c6fe8 elementor-widget__width-auto elementor-invisible elementor-widget elementor-widget-heading\" data-id=\"27c6fe8\" data-element_type=\"widget\" data-settings=\"{&quot;_animation&quot;:&quot;slideInUp&quot;}\" data-widget_type=\"heading.default\">\n\t\t\t\t<div class=\"elementor-widget-container\">\n\t\t\t<style>\/*! elementor - v3.12.0 - 29-03-2023 *\/\n.elementor-heading-title{padding:0;margin:0;line-height:1}.elementor-widget-heading .elementor-heading-title[class*=elementor-size-]>a{color:inherit;font-size:inherit;line-height:inherit}.elementor-widget-heading .elementor-heading-title.elementor-size-small{font-size:15px}.elementor-widget-heading .elementor-heading-title.elementor-size-medium{font-size:19px}.elementor-widget-heading .elementor-heading-title.elementor-size-large{font-size:29px}.elementor-widget-heading .elementor-heading-title.elementor-size-xl{font-size:39px}.elementor-widget-heading .elementor-heading-title.elementor-size-xxl{font-size:59px}<\/style><p class=\"elementor-heading-title elementor-size-default\">Nacemos cun forte sentido de compromiso coa terra.<br><br>\n<\/p>\t\t<\/div>\n\t\t\t\t<\/div>\n\t\t\t\t\t<\/div>\n\t\t<\/div>\n\t\t\t\t\t\t\t<\/div>\n\t\t<\/section>\n\t\t\t\t<section class=\"elementor-section elementor-top-section elementor-element elementor-element-fef06a9 elementor-section-full_width elementor-section-height-full elementor-section-height-default elementor-section-items-middle\" data-id=\"fef06a9\" data-element_type=\"section\" data-settings=\"{&quot;background_background&quot;:&quot;classic&quot;}\">\n\t\t\t\t\t\t<div class=\"elementor-container elementor-column-gap-default\">\n\t\t\t\t\t<div class=\"elementor-column elementor-col-100 elementor-top-column elementor-element elementor-element-e75d1f0\" data-id=\"e75d1f0\" data-element_type=\"column\">\n\t\t\t<div class=\"elementor-widget-wrap\">\n\t\t\t\t\t\t\t\t\t<\/div>\n\t\t<\/div>\n\t\t\t\t\t\t\t<\/div>\n\t\t<\/section>\n\t\t\t\t<section class=\"elementor-section elementor-top-section elementor-element elementor-element-218d7db elementor-section-boxed elementor-section-height-default elementor-section-height-default\" data-id=\"218d7db\" data-element_type=\"section\" data-settings=\"{&quot;background_background&quot;:&quot;classic&quot;}\">\n\t\t\t\t\t\t<div class=\"elementor-container elementor-column-gap-default\">\n\t\t\t\t\t<div class=\"elementor-column elementor-col-100 elementor-top-column elementor-element elementor-element-cc3e395\" data-id=\"cc3e395\" data-element_type=\"column\">\n\t\t\t<div class=\"elementor-widget-wrap elementor-element-populated\">\n\t\t\t\t\t\t\t\t<div class=\"elementor-element elementor-element-116475d elementor-hidden-mobile elementor-invisible elementor-widget elementor-widget-text-editor\" data-id=\"116475d\" data-element_type=\"widget\" data-settings=\"{&quot;_animation&quot;:&quot;fadeInUp&quot;}\" data-widget_type=\"text-editor.default\">\n\t\t\t\t<div class=\"elementor-widget-container\">\n\t\t\t<style>\/*! elementor - v3.12.0 - 29-03-2023 *\/\n.elementor-widget-text-editor.elementor-drop-cap-view-stacked .elementor-drop-cap{background-color:#69727d;color:#fff}.elementor-widget-text-editor.elementor-drop-cap-view-framed .elementor-drop-cap{color:#69727d;border:3px solid;background-color:transparent}.elementor-widget-text-editor:not(.elementor-drop-cap-view-default) .elementor-drop-cap{margin-top:8px}.elementor-widget-text-editor:not(.elementor-drop-cap-view-default) .elementor-drop-cap-letter{width:1em;height:1em}.elementor-widget-text-editor .elementor-drop-cap{float:left;text-align:center;line-height:1;font-size:50px}.elementor-widget-text-editor .elementor-drop-cap-letter{display:inline-block}<\/style>\t\t\t\t<p><img decoding=\"async\" src=\"https:\/\/somosachega.com\/wp-content\/uploads\/arrow.png\" width=\"80\" \/> Visibilizamos produtos que se cultivan e producen establecendo unha relaci\u00f3n de beneficio mutuo coa natureza.<br \/><br \/><img decoding=\"async\" src=\"https:\/\/somosachega.com\/wp-content\/uploads\/arrow.png\" width=\"80\" \/> Impulsamos iniciativas que axudan a revitalizar as s\u00faas sociedades promovendo o talento local.<\/p><p><br \/><img decoding=\"async\" src=\"https:\/\/somosachega.com\/wp-content\/uploads\/arrow.png\" width=\"80\" \/> Establecemos v\u00ednculos entre o rural e o urbano a trav\u00e9s de co\u00f1ecementos e saberes.<\/p>\t\t\t\t\t\t<\/div>\n\t\t\t\t<\/div>\n\t\t\t\t<div class=\"elementor-element elementor-element-53ee825 elementor-hidden-desktop elementor-hidden-tablet elementor-invisible elementor-widget elementor-widget-text-editor\" data-id=\"53ee825\" data-element_type=\"widget\" data-settings=\"{&quot;_animation&quot;:&quot;fadeInUp&quot;}\" data-widget_type=\"text-editor.default\">\n\t\t\t\t<div class=\"elementor-widget-container\">\n\t\t\t\t\t\t\t<p><img decoding=\"async\" src=\"https:\/\/somosachega.com\/wp-content\/uploads\/arrow.png\" width=\"35\"> Comunicamos produtos que se cultivan e producen establecendo unha relaci\u00f3n de beneficio mutuo coa natureza.<\/p>\n<p><img decoding=\"async\" src=\"https:\/\/somosachega.com\/wp-content\/uploads\/arrow.png\" width=\"35\"> Impulsamos iniciativas que axudan a revitalizar as s\u00faas sociedades promovendo o talento local.<\/p>\n<p><img decoding=\"async\" src=\"https:\/\/somosachega.com\/wp-content\/uploads\/arrow.png\" width=\"35\"> Establecemos v\u00ednculos entre o rural e o urbano a trav\u00e9s de co\u00f1ecementos e saberes.<\/p>\t\t\t\t\t\t<\/div>\n\t\t\t\t<\/div>\n\t\t\t\t\t<\/div>\n\t\t<\/div>\n\t\t\t\t\t\t\t<\/div>\n\t\t<\/section>\n\t\t\t\t<section class=\"elementor-section elementor-top-section elementor-element elementor-element-544cf52 elementor-section-boxed elementor-section-height-default elementor-section-height-default\" data-id=\"544cf52\" data-element_type=\"section\" data-settings=\"{&quot;background_background&quot;:&quot;classic&quot;}\">\n\t\t\t\t\t\t<div class=\"elementor-container elementor-column-gap-default\">\n\t\t\t\t\t<div class=\"elementor-column elementor-col-66 elementor-top-column elementor-element elementor-element-dbab6dd\" data-id=\"dbab6dd\" data-element_type=\"column\">\n\t\t\t<div class=\"elementor-widget-wrap elementor-element-populated\">\n\t\t\t\t\t\t\t\t<div class=\"elementor-element elementor-element-32b3c8d elementor-align-right elementor-mobile-align-center elementor-icon-list--layout-traditional elementor-list-item-link-full_width elementor-widget elementor-widget-icon-list\" data-id=\"32b3c8d\" data-element_type=\"widget\" data-widget_type=\"icon-list.default\">\n\t\t\t\t<div class=\"elementor-widget-container\">\n\t\t\t<link rel=\"stylesheet\" href=\"https:\/\/somosachega.com\/wp-content\/plugins\/elementor\/assets\/css\/widget-icon-list.min.css\">\t\t<ul class=\"elementor-icon-list-items\">\n\t\t\t\t\t\t\t<li class=\"elementor-icon-list-item\">\n\t\t\t\t\t\t\t\t\t\t\t<a href=\"https:\/\/somosachega.com\/gl\/servizos\/\">\n\n\t\t\t\t\t\t\t\t\t\t\t<span class=\"elementor-icon-list-text\">Co\u00f1ece os nosos servizos<\/span>\n\t\t\t\t\t\t\t\t\t\t\t<\/a>\n\t\t\t\t\t\t\t\t\t<\/li>\n\t\t\t\t\t\t<\/ul>\n\t\t\t\t<\/div>\n\t\t\t\t<\/div>\n\t\t\t\t\t<\/div>\n\t\t<\/div>\n\t\t\t\t<div class=\"elementor-column elementor-col-33 elementor-top-column elementor-element elementor-element-c9e2a50\" data-id=\"c9e2a50\" data-element_type=\"column\">\n\t\t\t<div class=\"elementor-widget-wrap elementor-element-populated\">\n\t\t\t\t\t\t\t\t<div class=\"elementor-element elementor-element-9d98798 elementor-widget__width-auto elementor-invisible elementor-widget elementor-widget-image\" data-id=\"9d98798\" data-element_type=\"widget\" data-settings=\"{&quot;_animation&quot;:&quot;fadeInUp&quot;}\" data-widget_type=\"image.default\">\n\t\t\t\t<div class=\"elementor-widget-container\">\n\t\t\t<style>\/*! elementor - v3.12.0 - 29-03-2023 *\/\n.elementor-widget-image{text-align:center}.elementor-widget-image a{display:inline-block}.elementor-widget-image a img[src$=\".svg\"]{width:48px}.elementor-widget-image img{vertical-align:middle;display:inline-block}<\/style>\t\t\t\t\t\t\t\t\t\t\t\t\t<a href=\"https:\/\/somosachega.com\/gl\/servizos\/\" target=\"_blank\">\n\t\t\t\t\t\t\t<img loading=\"lazy\" decoding=\"async\" width=\"193\" height=\"52\" src=\"https:\/\/somosachega.com\/wp-content\/uploads\/Recurso-3.png\" class=\"attachment-large size-large wp-image-815\" alt=\"\" \/>\t\t\t\t\t\t\t\t<\/a>\n\t\t\t\t\t\t\t\t\t\t\t\t\t\t\t<\/div>\n\t\t\t\t<\/div>\n\t\t\t\t\t<\/div>\n\t\t<\/div>\n\t\t\t\t\t\t\t<\/div>\n\t\t<\/section>\n\t\t\t\t\t\t\t<\/div>\n\t\t","protected":false},"excerpt":{"rendered":"<p>Nacemos cun forte sentido de compromiso coa terra. Visibilizamos produtos que se cultivan e producen establecendo unha relaci\u00f3n de beneficio mutuo coa natureza. Impulsamos iniciativas que axudan a revitalizar as s\u00faas sociedades promovendo o talento local. Establecemos v\u00ednculos entre o rural e o urbano a trav\u00e9s de co\u00f1ecementos e saberes. Comunicamos produtos que se cultivan &hellip;<\/p>\n<p class=\"read-more\"> <a class=\"\" href=\"https:\/\/somosachega.com\/gl\/somos\/\"> <span class=\"screen-reader-text\">Somos<\/span> Ler m\u00e1is &raquo;<\/a><\/p>\n","protected":false},"author":1,"featured_media":0,"parent":0,"menu_order":0,"comment_status":"closed","ping_status":"closed","template":"","meta":{"site-sidebar-layout":"no-sidebar","site-content-layout":"page-builder","ast-global-header-display":"","ast-main-header-display":"","ast-hfb-above-header-display":"","ast-hfb-below-header-display":"","ast-hfb-mobile-header-display":"","site-post-title":"disabled","ast-breadcrumbs-content":"","ast-featured-img":"disabled","footer-sml-layout":"","theme-transparent-header-meta":"","adv-header-id-meta":"","stick-header-meta":"","header-above-stick-meta":"","header-main-stick-meta":"","header-below-stick-meta":"","footnotes":""},"class_list":["post-507","page","type-page","status-publish","hentry"],"yoast_head":"<!-- This site is optimized with the Yoast SEO plugin v20.4 - https:\/\/yoast.com\/wordpress\/plugins\/seo\/ -->\n<title>Somos - Somos Achega<\/title>\n<meta name=\"robots\" content=\"index, follow, max-snippet:-1, max-image-preview:large, max-video-preview:-1\" \/>\n<link rel=\"canonical\" href=\"https:\/\/somosachega.com\/somos\/\" \/>\n<meta property=\"og:locale\" content=\"gl_ES\" \/>\n<meta property=\"og:type\" content=\"article\" \/>\n<meta property=\"og:title\" content=\"Somos - Somos Achega\" \/>\n<meta property=\"og:description\" content=\"Nacemos cun forte sentido de compromiso coa terra. Visibilizamos produtos que se cultivan e producen establecendo unha relaci\u00f3n de beneficio mutuo coa natureza. Impulsamos iniciativas que axudan a revitalizar as s\u00faas sociedades promovendo o talento local. Establecemos v\u00ednculos entre o rural e o urbano a trav\u00e9s de co\u00f1ecementos e saberes. Comunicamos produtos que se cultivan &hellip; Somos Ler m\u00e1is &raquo;\" \/>\n<meta property=\"og:url\" content=\"https:\/\/somosachega.com\/somos\/\" \/>\n<meta property=\"og:site_name\" content=\"Somos Achega\" \/>\n<meta property=\"article:modified_time\" content=\"2023-12-03T12:20:26+00:00\" \/>\n<meta property=\"og:image\" content=\"https:\/\/somosachega.com\/wp-content\/uploads\/arrow.png\" \/>\n<meta name=\"twitter:card\" content=\"summary_large_image\" \/>\n<meta name=\"twitter:label1\" content=\"Tempo de lectura\" \/>\n\t<meta name=\"twitter:data1\" content=\"2 minutos\" \/>\n<script type=\"application\/ld+json\" class=\"yoast-schema-graph\">{\"@context\":\"https:\/\/schema.org\",\"@graph\":[{\"@type\":\"WebPage\",\"@id\":\"https:\/\/somosachega.com\/somos\/\",\"url\":\"https:\/\/somosachega.com\/somos\/\",\"name\":\"Somos - Somos Achega\",\"isPartOf\":{\"@id\":\"https:\/\/somosachega.com\/#website\"},\"datePublished\":\"2022-06-03T14:10:30+00:00\",\"dateModified\":\"2023-12-03T12:20:26+00:00\",\"breadcrumb\":{\"@id\":\"https:\/\/somosachega.com\/somos\/#breadcrumb\"},\"inLanguage\":\"gl-ES\",\"potentialAction\":[{\"@type\":\"ReadAction\",\"target\":[\"https:\/\/somosachega.com\/somos\/\"]}]},{\"@type\":\"BreadcrumbList\",\"@id\":\"https:\/\/somosachega.com\/somos\/#breadcrumb\",\"itemListElement\":[{\"@type\":\"ListItem\",\"position\":1,\"name\":\"Portada\",\"item\":\"https:\/\/somosachega.com\/\"},{\"@type\":\"ListItem\",\"position\":2,\"name\":\"Somos\"}]},{\"@type\":\"WebSite\",\"@id\":\"https:\/\/somosachega.com\/#website\",\"url\":\"https:\/\/somosachega.com\/\",\"name\":\"Somos Achega\",\"description\":\"\",\"publisher\":{\"@id\":\"https:\/\/somosachega.com\/#organization\"},\"potentialAction\":[{\"@type\":\"SearchAction\",\"target\":{\"@type\":\"EntryPoint\",\"urlTemplate\":\"https:\/\/somosachega.com\/?s={search_term_string}\"},\"query-input\":\"required name=search_term_string\"}],\"inLanguage\":\"gl-ES\"},{\"@type\":\"Organization\",\"@id\":\"https:\/\/somosachega.com\/#organization\",\"name\":\"Somos Achega\",\"url\":\"https:\/\/somosachega.com\/\",\"logo\":{\"@type\":\"ImageObject\",\"inLanguage\":\"gl-ES\",\"@id\":\"https:\/\/somosachega.com\/#\/schema\/logo\/image\/\",\"url\":\"https:\/\/somosachega.com\/wp-content\/uploads\/logo.png\",\"contentUrl\":\"https:\/\/somosachega.com\/wp-content\/uploads\/logo.png\",\"width\":805,\"height\":310,\"caption\":\"Somos Achega\"},\"image\":{\"@id\":\"https:\/\/somosachega.com\/#\/schema\/logo\/image\/\"}}]}<\/script>\n<!-- \/ Yoast SEO plugin. -->","yoast_head_json":{"title":"Somos - Somos Achega","robots":{"index":"index","follow":"follow","max-snippet":"max-snippet:-1","max-image-preview":"max-image-preview:large","max-video-preview":"max-video-preview:-1"},"canonical":"https:\/\/somosachega.com\/somos\/","og_locale":"gl_ES","og_type":"article","og_title":"Somos - Somos Achega","og_description":"Nacemos cun forte sentido de compromiso coa terra. Visibilizamos produtos que se cultivan e producen establecendo unha relaci\u00f3n de beneficio mutuo coa natureza. Impulsamos iniciativas que axudan a revitalizar as s\u00faas sociedades promovendo o talento local. Establecemos v\u00ednculos entre o rural e o urbano a trav\u00e9s de co\u00f1ecementos e saberes. Comunicamos produtos que se cultivan &hellip; Somos Ler m\u00e1is &raquo;","og_url":"https:\/\/somosachega.com\/somos\/","og_site_name":"Somos Achega","article_modified_time":"2023-12-03T12:20:26+00:00","og_image":[{"url":"https:\/\/somosachega.com\/wp-content\/uploads\/arrow.png"}],"twitter_card":"summary_large_image","twitter_misc":{"Tempo de lectura":"2 minutos"},"schema":{"@context":"https:\/\/schema.org","@graph":[{"@type":"WebPage","@id":"https:\/\/somosachega.com\/somos\/","url":"https:\/\/somosachega.com\/somos\/","name":"Somos - Somos Achega","isPartOf":{"@id":"https:\/\/somosachega.com\/#website"},"datePublished":"2022-06-03T14:10:30+00:00","dateModified":"2023-12-03T12:20:26+00:00","breadcrumb":{"@id":"https:\/\/somosachega.com\/somos\/#breadcrumb"},"inLanguage":"gl-ES","potentialAction":[{"@type":"ReadAction","target":["https:\/\/somosachega.com\/somos\/"]}]},{"@type":"BreadcrumbList","@id":"https:\/\/somosachega.com\/somos\/#breadcrumb","itemListElement":[{"@type":"ListItem","position":1,"name":"Portada","item":"https:\/\/somosachega.com\/"},{"@type":"ListItem","position":2,"name":"Somos"}]},{"@type":"WebSite","@id":"https:\/\/somosachega.com\/#website","url":"https:\/\/somosachega.com\/","name":"Somos Achega","description":"","publisher":{"@id":"https:\/\/somosachega.com\/#organization"},"potentialAction":[{"@type":"SearchAction","target":{"@type":"EntryPoint","urlTemplate":"https:\/\/somosachega.com\/?s={search_term_string}"},"query-input":"required name=search_term_string"}],"inLanguage":"gl-ES"},{"@type":"Organization","@id":"https:\/\/somosachega.com\/#organization","name":"Somos Achega","url":"https:\/\/somosachega.com\/","logo":{"@type":"ImageObject","inLanguage":"gl-ES","@id":"https:\/\/somosachega.com\/#\/schema\/logo\/image\/","url":"https:\/\/somosachega.com\/wp-content\/uploads\/logo.png","contentUrl":"https:\/\/somosachega.com\/wp-content\/uploads\/logo.png","width":805,"height":310,"caption":"Somos Achega"},"image":{"@id":"https:\/\/somosachega.com\/#\/schema\/logo\/image\/"}}]}},"_links":{"self":[{"href":"https:\/\/somosachega.com\/gl\/wp-json\/wp\/v2\/pages\/507","targetHints":{"allow":["GET"]}}],"collection":[{"href":"https:\/\/somosachega.com\/gl\/wp-json\/wp\/v2\/pages"}],"about":[{"href":"https:\/\/somosachega.com\/gl\/wp-json\/wp\/v2\/types\/page"}],"author":[{"embeddable":true,"href":"https:\/\/somosachega.com\/gl\/wp-json\/wp\/v2\/users\/1"}],"replies":[{"embeddable":true,"href":"https:\/\/somosachega.com\/gl\/wp-json\/wp\/v2\/comments?post=507"}],"version-history":[{"count":146,"href":"https:\/\/somosachega.com\/gl\/wp-json\/wp\/v2\/pages\/507\/revisions"}],"predecessor-version":[{"id":2279,"href":"https:\/\/somosachega.com\/gl\/wp-json\/wp\/v2\/pages\/507\/revisions\/2279"}],"wp:attachment":[{"href":"https:\/\/somosachega.com\/gl\/wp-json\/wp\/v2\/media?parent=507"}],"curies":[{"name":"wp","href":"https:\/\/api.w.org\/{rel}","templated":true}]}}