{"id":1243,"date":"2022-06-09T14:22:09","date_gmt":"2022-06-09T12:22:09","guid":{"rendered":"https:\/\/somosachega.com\/cookies\/"},"modified":"2023-07-12T00:07:24","modified_gmt":"2023-07-11T22:07:24","slug":"cookies","status":"publish","type":"page","link":"https:\/\/somosachega.com\/gl\/cookies\/","title":{"rendered":"Cookies"},"content":{"rendered":"\t\t<div data-elementor-type=\"wp-page\" data-elementor-id=\"1243\" class=\"elementor elementor-1243 elementor-606\">\n\t\t\t\t\t\t\t\t\t<section class=\"elementor-section elementor-top-section elementor-element elementor-element-ded8d4c elementor-section-boxed elementor-section-height-default elementor-section-height-default\" data-id=\"ded8d4c\" data-element_type=\"section\" data-settings=\"{&quot;background_background&quot;:&quot;classic&quot;}\">\n\t\t\t\t\t\t<div class=\"elementor-container elementor-column-gap-default\">\n\t\t\t\t\t<div class=\"elementor-column elementor-col-100 elementor-top-column elementor-element elementor-element-d055c8b\" data-id=\"d055c8b\" data-element_type=\"column\">\n\t\t\t<div class=\"elementor-widget-wrap elementor-element-populated\">\n\t\t\t\t\t\t\t\t<div class=\"elementor-element elementor-element-70e4040 elementor-widget elementor-widget-text-editor\" data-id=\"70e4040\" data-element_type=\"widget\" data-widget_type=\"text-editor.default\">\n\t\t\t\t<div class=\"elementor-widget-container\">\n\t\t\t<style>\/*! elementor - v3.12.0 - 29-03-2023 *\/\n.elementor-widget-text-editor.elementor-drop-cap-view-stacked .elementor-drop-cap{background-color:#69727d;color:#fff}.elementor-widget-text-editor.elementor-drop-cap-view-framed .elementor-drop-cap{color:#69727d;border:3px solid;background-color:transparent}.elementor-widget-text-editor:not(.elementor-drop-cap-view-default) .elementor-drop-cap{margin-top:8px}.elementor-widget-text-editor:not(.elementor-drop-cap-view-default) .elementor-drop-cap-letter{width:1em;height:1em}.elementor-widget-text-editor .elementor-drop-cap{float:left;text-align:center;line-height:1;font-size:50px}.elementor-widget-text-editor .elementor-drop-cap-letter{display:inline-block}<\/style>\t\t\t\t<p><strong>\u00bfQU\u00c9 SON LAS COOKIES?<\/strong><\/p>\n<p>Una cookie es un fichero que se descarga en su ordenador al acceder a determinadas p\u00e1ginas web. Las cookies permiten a una p\u00e1gina web, entre otras cosas, almacenar y recuperar informaci\u00f3n sobre los h\u00e1bitos de navegaci\u00f3n de un usuario o de su equipo y, dependiendo de la informaci\u00f3n que contengan y de la forma en que utilice su equipo, pueden utilizarse para reconocer al usuario.<\/p>\n<p><strong>\u00bfQU\u00c9 TIPOS DE COOKIES UTILIZA ESTA P\u00c1GINA WEB?<\/strong><\/p>\n<p>Esta p\u00e1gina web utiliza los siguientes tipos de cookies:<\/p>\n<p>&#8211; <span style=\"text-decoration: underline;\">Cookies de an\u00e1lisis:<\/span> Son aqu\u00e9llas que bien tratadas por nosotros o por terceros, nos permiten cuantificar el n\u00famero de usuarios y as\u00ed realizar la medici\u00f3n y an\u00e1lisis estad\u00edstico de la utilizaci\u00f3n que hacen los usuarios del servicio ofertado. Para ello se analiza su navegaci\u00f3n en nuestra p\u00e1gina web con el fin de mejorar la oferta de servicios que le ofrecemos.<\/p>\n<p>&#8211; <span style=\"text-decoration: underline;\">Las cookies NID y CONSENT:<\/span> Habilitan la funci\u00f3n de registro de la procedencia del usuario. Los datos registrados ser\u00e1n, entre otros, si el usuario llega a nuestro sitio Web por tr\u00e1fico directo, desde otra web, desde una campa\u00f1a publicitaria o desde un buscador (indicando la palabra clave utilizada y la fuente).<br \/>\u2013 <span style=\"text-decoration: underline;\">1P_JAR:<\/span> Cookie de Google. Estas cookies se usan para recopilar estad\u00edsticas del sitio web y rastrear las tasas de conversi\u00f3n.<\/p>\n<p>Cookies t\u00e9cnicas: Son aquellas que permiten al usuario la navegaci\u00f3n a trav\u00e9s del \u00e1rea restringida y la utilizaci\u00f3n de sus diferentes funciones.<\/p>\n<p>\u2013 <span style=\"text-decoration: underline;\">CONSENT y CONSENT<\/span> Utilizamos estas cookies para hacer que el uso del sitio sea m\u00e1s c\u00f3modo. Algunos usos comunes de las cookies incluyen la capacidad de guardar preferencias de navegaci\u00f3n relacionadas con el idioma de uso del sitio o la capacidad de compartir en las redes sociales enlaces y contenido en el sitio.<\/p>\n<p><strong>DESACTIVAR LAS COOKIES<\/strong><\/p>\n<p>Puede usted permitir, bloquear o eliminar las cookies instaladas en su equipo mediante la configuraci\u00f3n de las opciones del navegador instalado en su ordenador.<\/p>\n<p>En la mayor\u00eda de los navegadores web se ofrece la posibilidad de permitir, bloquear o eliminar las cookies instaladas en su equipo.<\/p>\n<p>A continuaci\u00f3n puede acceder a la configuraci\u00f3n de los navegadores webs m\u00e1s frecuentes para aceptar, instalar o desactivar las cookies:<\/p>\n<p>Configurar cookies en Google Chrome<br \/>Configurar cookies en Microsoft Internet Explorer<br \/>Configurar cookies en Mozilla Firefox<br \/>Configurar cookies en Safari (Apple)<\/p>\n<p><strong>COOKIES DE TERCEROS<\/strong><\/p>\n<p>Esta p\u00e1gina web utiliza servicios de terceros para recopilar informaci\u00f3n con fines estad\u00edsticos y de uso de la web. Se usan cookies de DoubleClick para mejorar la publicidad que se incluye en el sitio web. Son utilizadas para orientar la publicidad seg\u00fan el contenido que es relevante para un usuario, mejorando as\u00ed la calidad de experiencia en el uso del mismo.<\/p>\n<p>En concreto, usamos los servicios de Google Adsense y de Google Analytics para nuestras estad\u00edsticas y publicidad. Algunas cookies son esenciales para el funcionamiento del sitio, por ejemplo el buscador incorporado.<\/p>\n<p>Nuestro sitio incluye otras funcionalidades proporcionadas por terceros. Usted puede f\u00e1cilmente compartir el contenido en redes sociales como Facebook, Twitter o Google +, con los botones que hemos incluido a tal efecto.<\/p>\n<p><strong>ADVERTENCIA SOBRE ELIMINAR COOKIES<\/strong><\/p>\n<p>Usted puede eliminar y bloquear todas las cookies de este sitio, pero parte del sitio no funcionar\u00e1 o la calidad de la p\u00e1gina web puede verse afectada.<\/p>\n<p>Si tiene cualquier duda acerca de nuestra pol\u00edtica de cookies, puede contactar con esta p\u00e1gina web a trav\u00e9s de nuestros canales de Contacto<\/p>\n\t\t\t\t\t\t<\/div>\n\t\t\t\t<\/div>\n\t\t\t\t\t<\/div>\n\t\t<\/div>\n\t\t\t\t\t\t\t<\/div>\n\t\t<\/section>\n\t\t\t\t\t\t\t<\/div>\n\t\t","protected":false},"excerpt":{"rendered":"<p>\u00bfQU\u00c9 SON LAS COOKIES? Una cookie es un fichero que se descarga en su ordenador al acceder a determinadas p\u00e1ginas web. Las cookies permiten a una p\u00e1gina web, entre otras cosas, almacenar y recuperar informaci\u00f3n sobre los h\u00e1bitos de navegaci\u00f3n de un usuario o de su equipo y, dependiendo de la informaci\u00f3n que contengan y &hellip;<\/p>\n<p class=\"read-more\"> <a class=\"\" href=\"https:\/\/somosachega.com\/gl\/cookies\/\"> <span class=\"screen-reader-text\">Cookies<\/span> Ler m\u00e1is &raquo;<\/a><\/p>\n","protected":false},"author":1,"featured_media":0,"parent":0,"menu_order":0,"comment_status":"closed","ping_status":"closed","template":"","meta":{"site-sidebar-layout":"no-sidebar","site-content-layout":"page-builder","ast-global-header-display":"","ast-main-header-display":"","ast-hfb-above-header-display":"","ast-hfb-below-header-display":"","ast-hfb-mobile-header-display":"","site-post-title":"disabled","ast-breadcrumbs-content":"","ast-featured-img":"disabled","footer-sml-layout":"","theme-transparent-header-meta":"","adv-header-id-meta":"","stick-header-meta":"","header-above-stick-meta":"","header-main-stick-meta":"","header-below-stick-meta":"","footnotes":""},"class_list":["post-1243","page","type-page","status-publish","hentry"],"yoast_head":"<!-- This site is optimized with the Yoast SEO plugin v20.4 - https:\/\/yoast.com\/wordpress\/plugins\/seo\/ -->\n<title>Cookies - Somos Achega<\/title>\n<meta name=\"robots\" content=\"index, follow, max-snippet:-1, max-image-preview:large, max-video-preview:-1\" \/>\n<link rel=\"canonical\" href=\"https:\/\/somosachega.com\/cookies\/\" \/>\n<meta property=\"og:locale\" content=\"gl_ES\" \/>\n<meta property=\"og:type\" content=\"article\" \/>\n<meta property=\"og:title\" content=\"Cookies - Somos Achega\" \/>\n<meta property=\"og:description\" content=\"\u00bfQU\u00c9 SON LAS COOKIES? Una cookie es un fichero que se descarga en su ordenador al acceder a determinadas p\u00e1ginas web. Las cookies permiten a una p\u00e1gina web, entre otras cosas, almacenar y recuperar informaci\u00f3n sobre los h\u00e1bitos de navegaci\u00f3n de un usuario o de su equipo y, dependiendo de la informaci\u00f3n que contengan y &hellip; Cookies Ler m\u00e1is &raquo;\" \/>\n<meta property=\"og:url\" content=\"https:\/\/somosachega.com\/cookies\/\" \/>\n<meta property=\"og:site_name\" content=\"Somos Achega\" \/>\n<meta property=\"article:modified_time\" content=\"2023-07-11T22:07:24+00:00\" \/>\n<meta name=\"twitter:card\" content=\"summary_large_image\" \/>\n<meta name=\"twitter:label1\" content=\"Tempo de lectura\" \/>\n\t<meta name=\"twitter:data1\" content=\"3 minutos\" \/>\n<script type=\"application\/ld+json\" class=\"yoast-schema-graph\">{\"@context\":\"https:\/\/schema.org\",\"@graph\":[{\"@type\":\"WebPage\",\"@id\":\"https:\/\/somosachega.com\/cookies\/\",\"url\":\"https:\/\/somosachega.com\/cookies\/\",\"name\":\"Cookies - Somos Achega\",\"isPartOf\":{\"@id\":\"https:\/\/somosachega.com\/#website\"},\"datePublished\":\"2022-06-09T12:22:09+00:00\",\"dateModified\":\"2023-07-11T22:07:24+00:00\",\"breadcrumb\":{\"@id\":\"https:\/\/somosachega.com\/cookies\/#breadcrumb\"},\"inLanguage\":\"gl-ES\",\"potentialAction\":[{\"@type\":\"ReadAction\",\"target\":[\"https:\/\/somosachega.com\/cookies\/\"]}]},{\"@type\":\"BreadcrumbList\",\"@id\":\"https:\/\/somosachega.com\/cookies\/#breadcrumb\",\"itemListElement\":[{\"@type\":\"ListItem\",\"position\":1,\"name\":\"Portada\",\"item\":\"https:\/\/somosachega.com\/\"},{\"@type\":\"ListItem\",\"position\":2,\"name\":\"Cookies\"}]},{\"@type\":\"WebSite\",\"@id\":\"https:\/\/somosachega.com\/#website\",\"url\":\"https:\/\/somosachega.com\/\",\"name\":\"Somos Achega\",\"description\":\"\",\"publisher\":{\"@id\":\"https:\/\/somosachega.com\/#organization\"},\"potentialAction\":[{\"@type\":\"SearchAction\",\"target\":{\"@type\":\"EntryPoint\",\"urlTemplate\":\"https:\/\/somosachega.com\/?s={search_term_string}\"},\"query-input\":\"required name=search_term_string\"}],\"inLanguage\":\"gl-ES\"},{\"@type\":\"Organization\",\"@id\":\"https:\/\/somosachega.com\/#organization\",\"name\":\"Somos Achega\",\"url\":\"https:\/\/somosachega.com\/\",\"logo\":{\"@type\":\"ImageObject\",\"inLanguage\":\"gl-ES\",\"@id\":\"https:\/\/somosachega.com\/#\/schema\/logo\/image\/\",\"url\":\"https:\/\/somosachega.com\/wp-content\/uploads\/logo.png\",\"contentUrl\":\"https:\/\/somosachega.com\/wp-content\/uploads\/logo.png\",\"width\":805,\"height\":310,\"caption\":\"Somos Achega\"},\"image\":{\"@id\":\"https:\/\/somosachega.com\/#\/schema\/logo\/image\/\"}}]}<\/script>\n<!-- \/ Yoast SEO plugin. -->","yoast_head_json":{"title":"Cookies - Somos Achega","robots":{"index":"index","follow":"follow","max-snippet":"max-snippet:-1","max-image-preview":"max-image-preview:large","max-video-preview":"max-video-preview:-1"},"canonical":"https:\/\/somosachega.com\/cookies\/","og_locale":"gl_ES","og_type":"article","og_title":"Cookies - Somos Achega","og_description":"\u00bfQU\u00c9 SON LAS COOKIES? Una cookie es un fichero que se descarga en su ordenador al acceder a determinadas p\u00e1ginas web. Las cookies permiten a una p\u00e1gina web, entre otras cosas, almacenar y recuperar informaci\u00f3n sobre los h\u00e1bitos de navegaci\u00f3n de un usuario o de su equipo y, dependiendo de la informaci\u00f3n que contengan y &hellip; Cookies Ler m\u00e1is &raquo;","og_url":"https:\/\/somosachega.com\/cookies\/","og_site_name":"Somos Achega","article_modified_time":"2023-07-11T22:07:24+00:00","twitter_card":"summary_large_image","twitter_misc":{"Tempo de lectura":"3 minutos"},"schema":{"@context":"https:\/\/schema.org","@graph":[{"@type":"WebPage","@id":"https:\/\/somosachega.com\/cookies\/","url":"https:\/\/somosachega.com\/cookies\/","name":"Cookies - Somos Achega","isPartOf":{"@id":"https:\/\/somosachega.com\/#website"},"datePublished":"2022-06-09T12:22:09+00:00","dateModified":"2023-07-11T22:07:24+00:00","breadcrumb":{"@id":"https:\/\/somosachega.com\/cookies\/#breadcrumb"},"inLanguage":"gl-ES","potentialAction":[{"@type":"ReadAction","target":["https:\/\/somosachega.com\/cookies\/"]}]},{"@type":"BreadcrumbList","@id":"https:\/\/somosachega.com\/cookies\/#breadcrumb","itemListElement":[{"@type":"ListItem","position":1,"name":"Portada","item":"https:\/\/somosachega.com\/"},{"@type":"ListItem","position":2,"name":"Cookies"}]},{"@type":"WebSite","@id":"https:\/\/somosachega.com\/#website","url":"https:\/\/somosachega.com\/","name":"Somos Achega","description":"","publisher":{"@id":"https:\/\/somosachega.com\/#organization"},"potentialAction":[{"@type":"SearchAction","target":{"@type":"EntryPoint","urlTemplate":"https:\/\/somosachega.com\/?s={search_term_string}"},"query-input":"required name=search_term_string"}],"inLanguage":"gl-ES"},{"@type":"Organization","@id":"https:\/\/somosachega.com\/#organization","name":"Somos Achega","url":"https:\/\/somosachega.com\/","logo":{"@type":"ImageObject","inLanguage":"gl-ES","@id":"https:\/\/somosachega.com\/#\/schema\/logo\/image\/","url":"https:\/\/somosachega.com\/wp-content\/uploads\/logo.png","contentUrl":"https:\/\/somosachega.com\/wp-content\/uploads\/logo.png","width":805,"height":310,"caption":"Somos Achega"},"image":{"@id":"https:\/\/somosachega.com\/#\/schema\/logo\/image\/"}}]}},"_links":{"self":[{"href":"https:\/\/somosachega.com\/gl\/wp-json\/wp\/v2\/pages\/1243","targetHints":{"allow":["GET"]}}],"collection":[{"href":"https:\/\/somosachega.com\/gl\/wp-json\/wp\/v2\/pages"}],"about":[{"href":"https:\/\/somosachega.com\/gl\/wp-json\/wp\/v2\/types\/page"}],"author":[{"embeddable":true,"href":"https:\/\/somosachega.com\/gl\/wp-json\/wp\/v2\/users\/1"}],"replies":[{"embeddable":true,"href":"https:\/\/somosachega.com\/gl\/wp-json\/wp\/v2\/comments?post=1243"}],"version-history":[{"count":3,"href":"https:\/\/somosachega.com\/gl\/wp-json\/wp\/v2\/pages\/1243\/revisions"}],"predecessor-version":[{"id":1737,"href":"https:\/\/somosachega.com\/gl\/wp-json\/wp\/v2\/pages\/1243\/revisions\/1737"}],"wp:attachment":[{"href":"https:\/\/somosachega.com\/gl\/wp-json\/wp\/v2\/media?parent=1243"}],"curies":[{"name":"wp","href":"https:\/\/api.w.org\/{rel}","templated":true}]}}